{"id":35,"date":"2023-04-13T06:34:23","date_gmt":"2023-04-13T06:34:23","guid":{"rendered":"http:\/\/quintadoslagares.com\/produto\/quinta-dos-lagares-porto-vintage-2016\/"},"modified":"2023-04-13T07:31:33","modified_gmt":"2023-04-13T07:31:33","slug":"quinta-dos-lagares-porto-vintage-2016","status":"publish","type":"product","link":"https:\/\/quintadoslagares.com\/fr\/produto\/quinta-dos-lagares-porto-vintage-2016\/","title":{"rendered":"QUINTA DOS LAGARES PORTO VINTAGE 2016"},"content":{"rendered":"<p><strong>Tipo:<\/strong>\u00a0Vinho do Porto Vintage<br \/>\n<strong>Regi\u00e3o:<\/strong>\u00a0Douro<br \/>\n<strong>\u00daltima colheita no mercado:<\/strong>\u00a02016<br \/>\n<strong>Teor Alco\u00f3lico:<\/strong>\u00a019%<br \/>\n<strong>Castas:<\/strong>\u00a0Mistura das castas tradicionais do Douro em vinhas velhas.<\/p>\n<p><a href=\"http:\/\/quintadoslagares.com\/wp-content\/uploads\/2023\/04\/FT_Quinta_Lagares_Porto-Vintage2016.pdf\">Descarregar ficha t\u00e9cnica<\/a><\/p>\n","protected":false},"excerpt":{"rendered":"<p>Vinho de caracter\u00edsticas excepcionais de cor vermelho granada intenso com aspecto visual l\u00edmpido e denso. Apresenta um aroma limpo e intenso de fruta seca (uva passa, figo), ligeiras notas de carvalho franc\u00eas e fruta negra (amora). Na boca \u00e9 aveludado, com persist\u00eancia longa e intensidade harmoniosa apresentando suaves notas de tosta, ligeiro toque a uva passa com um final de fruta madura.<\/p>\n","protected":false},"featured_media":45,"template":"","meta":{"_acf_changed":false},"product_brand":[],"product_cat":[21],"product_tag":[],"class_list":{"0":"post-35","1":"product","2":"type-product","3":"status-publish","4":"has-post-thumbnail","6":"product_cat-porto","8":"first","9":"instock","10":"shipping-taxable","11":"product-type-simple"},"translation":{"provider":"WPGlobus","version":"2.10.6","language":"fr","enabled_languages":["pt","en","fr"],"languages":{"pt":{"title":true,"content":true,"excerpt":true},"en":{"title":false,"content":false,"excerpt":false},"fr":{"title":false,"content":false,"excerpt":false}}},"acf":[],"yoast_head":"<!-- This site is optimized with the Yoast SEO plugin v26.9 - https:\/\/yoast.com\/product\/yoast-seo-wordpress\/ -->\n<title>QUINTA DOS LAGARES PORTO VINTAGE 2016 - Quinta dos Lagares<\/title>\n<meta name=\"robots\" content=\"index, follow, max-snippet:-1, max-image-preview:large, max-video-preview:-1\" \/>\n<link rel=\"canonical\" href=\"https:\/\/quintadoslagares.com\/produto\/quinta-dos-lagares-porto-vintage-2016\/\" \/>\n<meta property=\"og:locale\" content=\"fr_FR\" \/>\n<meta property=\"og:type\" content=\"article\" \/>\n<meta property=\"og:title\" content=\"QUINTA DOS LAGARES PORTO VINTAGE 2016 - Quinta dos Lagares\" \/>\n<meta property=\"og:url\" content=\"https:\/\/quintadoslagares.com\/produto\/quinta-dos-lagares-porto-vintage-2016\/\" \/>\n<meta property=\"og:site_name\" content=\"Quinta dos Lagares\" \/>\n<meta property=\"article:modified_time\" content=\"2023-04-13T07:31:33+00:00\" \/>\n<meta property=\"og:image\" content=\"https:\/\/quintadoslagares.com\/wp-content\/uploads\/2023\/04\/Quinta-Lagares-Porto-Vintage-2016.jpg\" \/>\n\t<meta property=\"og:image:width\" content=\"1600\" \/>\n\t<meta property=\"og:image:height\" content=\"1200\" \/>\n\t<meta property=\"og:image:type\" content=\"image\/jpeg\" \/>\n<meta name=\"twitter:card\" content=\"summary_large_image\" \/>\n<script type=\"application\/ld+json\" class=\"yoast-schema-graph\">{\"@context\":\"https:\/\/schema.org\",\"@graph\":[{\"@type\":\"WebPage\",\"@id\":\"https:\/\/quintadoslagares.com\/produto\/quinta-dos-lagares-porto-vintage-2016\/\",\"url\":\"https:\/\/quintadoslagares.com\/produto\/quinta-dos-lagares-porto-vintage-2016\/\",\"name\":\"QUINTA DOS LAGARES PORTO VINTAGE 2016 - Quinta dos Lagares\",\"isPartOf\":{\"@id\":\"https:\/\/quintadoslagares.com\/#website\"},\"primaryImageOfPage\":{\"@id\":\"https:\/\/quintadoslagares.com\/produto\/quinta-dos-lagares-porto-vintage-2016\/#primaryimage\"},\"image\":{\"@id\":\"https:\/\/quintadoslagares.com\/produto\/quinta-dos-lagares-porto-vintage-2016\/#primaryimage\"},\"thumbnailUrl\":\"https:\/\/quintadoslagares.com\/wp-content\/uploads\/2023\/04\/Quinta-Lagares-Porto-Vintage-2016.jpg\",\"datePublished\":\"2023-04-13T06:34:23+00:00\",\"dateModified\":\"2023-04-13T07:31:33+00:00\",\"breadcrumb\":{\"@id\":\"https:\/\/quintadoslagares.com\/produto\/quinta-dos-lagares-porto-vintage-2016\/#breadcrumb\"},\"inLanguage\":\"fr-FR\",\"potentialAction\":[{\"@type\":\"ReadAction\",\"target\":[\"https:\/\/quintadoslagares.com\/produto\/quinta-dos-lagares-porto-vintage-2016\/\"]}]},{\"@type\":\"ImageObject\",\"inLanguage\":\"fr-FR\",\"@id\":\"https:\/\/quintadoslagares.com\/produto\/quinta-dos-lagares-porto-vintage-2016\/#primaryimage\",\"url\":\"https:\/\/quintadoslagares.com\/wp-content\/uploads\/2023\/04\/Quinta-Lagares-Porto-Vintage-2016.jpg\",\"contentUrl\":\"https:\/\/quintadoslagares.com\/wp-content\/uploads\/2023\/04\/Quinta-Lagares-Porto-Vintage-2016.jpg\",\"width\":1600,\"height\":1200},{\"@type\":\"BreadcrumbList\",\"@id\":\"https:\/\/quintadoslagares.com\/produto\/quinta-dos-lagares-porto-vintage-2016\/#breadcrumb\",\"itemListElement\":[{\"@type\":\"ListItem\",\"position\":1,\"name\":\"In\u00edcio\",\"item\":\"https:\/\/quintadoslagares.com\/\"},{\"@type\":\"ListItem\",\"position\":2,\"name\":\"Vinhos e Azeite\",\"item\":\"https:\/\/quintadoslagares.com\/loja\/\"},{\"@type\":\"ListItem\",\"position\":3,\"name\":\"QUINTA DOS LAGARES PORTO VINTAGE 2016\"}]},{\"@type\":\"WebSite\",\"@id\":\"https:\/\/quintadoslagares.com\/#website\",\"url\":\"https:\/\/quintadoslagares.com\/\",\"name\":\"Quinta dos Lagares\",\"description\":\"\",\"publisher\":{\"@id\":\"https:\/\/quintadoslagares.com\/#organization\"},\"potentialAction\":[{\"@type\":\"SearchAction\",\"target\":{\"@type\":\"EntryPoint\",\"urlTemplate\":\"https:\/\/quintadoslagares.com\/?s={search_term_string}\"},\"query-input\":{\"@type\":\"PropertyValueSpecification\",\"valueRequired\":true,\"valueName\":\"search_term_string\"}}],\"inLanguage\":\"fr-FR\"},{\"@type\":\"Organization\",\"@id\":\"https:\/\/quintadoslagares.com\/#organization\",\"name\":\"Quinta dos Lagares\",\"url\":\"https:\/\/quintadoslagares.com\/\",\"logo\":{\"@type\":\"ImageObject\",\"inLanguage\":\"fr-FR\",\"@id\":\"https:\/\/quintadoslagares.com\/#\/schema\/logo\/image\/\",\"url\":\"https:\/\/quintadoslagares.com\/wp-content\/uploads\/2023\/04\/cropped-logo-lagares-verde-pretoo-1.png\",\"contentUrl\":\"https:\/\/quintadoslagares.com\/wp-content\/uploads\/2023\/04\/cropped-logo-lagares-verde-pretoo-1.png\",\"width\":551,\"height\":76,\"caption\":\"Quinta dos Lagares\"},\"image\":{\"@id\":\"https:\/\/quintadoslagares.com\/#\/schema\/logo\/image\/\"}}]}<\/script>\n<!-- \/ Yoast SEO plugin. -->","yoast_head_json":{"title":"QUINTA DOS LAGARES PORTO VINTAGE 2016 - Quinta dos Lagares","robots":{"index":"index","follow":"follow","max-snippet":"max-snippet:-1","max-image-preview":"max-image-preview:large","max-video-preview":"max-video-preview:-1"},"canonical":"https:\/\/quintadoslagares.com\/produto\/quinta-dos-lagares-porto-vintage-2016\/","og_locale":"fr_FR","og_type":"article","og_title":"QUINTA DOS LAGARES PORTO VINTAGE 2016 - Quinta dos Lagares","og_url":"https:\/\/quintadoslagares.com\/produto\/quinta-dos-lagares-porto-vintage-2016\/","og_site_name":"Quinta dos Lagares","article_modified_time":"2023-04-13T07:31:33+00:00","og_image":[{"width":1600,"height":1200,"url":"https:\/\/quintadoslagares.com\/wp-content\/uploads\/2023\/04\/Quinta-Lagares-Porto-Vintage-2016.jpg","type":"image\/jpeg"}],"twitter_card":"summary_large_image","schema":{"@context":"https:\/\/schema.org","@graph":[{"@type":"WebPage","@id":"https:\/\/quintadoslagares.com\/produto\/quinta-dos-lagares-porto-vintage-2016\/","url":"https:\/\/quintadoslagares.com\/produto\/quinta-dos-lagares-porto-vintage-2016\/","name":"QUINTA DOS LAGARES PORTO VINTAGE 2016 - Quinta dos Lagares","isPartOf":{"@id":"https:\/\/quintadoslagares.com\/#website"},"primaryImageOfPage":{"@id":"https:\/\/quintadoslagares.com\/produto\/quinta-dos-lagares-porto-vintage-2016\/#primaryimage"},"image":{"@id":"https:\/\/quintadoslagares.com\/produto\/quinta-dos-lagares-porto-vintage-2016\/#primaryimage"},"thumbnailUrl":"https:\/\/quintadoslagares.com\/wp-content\/uploads\/2023\/04\/Quinta-Lagares-Porto-Vintage-2016.jpg","datePublished":"2023-04-13T06:34:23+00:00","dateModified":"2023-04-13T07:31:33+00:00","breadcrumb":{"@id":"https:\/\/quintadoslagares.com\/produto\/quinta-dos-lagares-porto-vintage-2016\/#breadcrumb"},"inLanguage":"fr-FR","potentialAction":[{"@type":"ReadAction","target":["https:\/\/quintadoslagares.com\/produto\/quinta-dos-lagares-porto-vintage-2016\/"]}]},{"@type":"ImageObject","inLanguage":"fr-FR","@id":"https:\/\/quintadoslagares.com\/produto\/quinta-dos-lagares-porto-vintage-2016\/#primaryimage","url":"https:\/\/quintadoslagares.com\/wp-content\/uploads\/2023\/04\/Quinta-Lagares-Porto-Vintage-2016.jpg","contentUrl":"https:\/\/quintadoslagares.com\/wp-content\/uploads\/2023\/04\/Quinta-Lagares-Porto-Vintage-2016.jpg","width":1600,"height":1200},{"@type":"BreadcrumbList","@id":"https:\/\/quintadoslagares.com\/produto\/quinta-dos-lagares-porto-vintage-2016\/#breadcrumb","itemListElement":[{"@type":"ListItem","position":1,"name":"In\u00edcio","item":"https:\/\/quintadoslagares.com\/"},{"@type":"ListItem","position":2,"name":"Vinhos e Azeite","item":"https:\/\/quintadoslagares.com\/loja\/"},{"@type":"ListItem","position":3,"name":"QUINTA DOS LAGARES PORTO VINTAGE 2016"}]},{"@type":"WebSite","@id":"https:\/\/quintadoslagares.com\/#website","url":"https:\/\/quintadoslagares.com\/","name":"Quinta dos Lagares","description":"","publisher":{"@id":"https:\/\/quintadoslagares.com\/#organization"},"potentialAction":[{"@type":"SearchAction","target":{"@type":"EntryPoint","urlTemplate":"https:\/\/quintadoslagares.com\/?s={search_term_string}"},"query-input":{"@type":"PropertyValueSpecification","valueRequired":true,"valueName":"search_term_string"}}],"inLanguage":"fr-FR"},{"@type":"Organization","@id":"https:\/\/quintadoslagares.com\/#organization","name":"Quinta dos Lagares","url":"https:\/\/quintadoslagares.com\/","logo":{"@type":"ImageObject","inLanguage":"fr-FR","@id":"https:\/\/quintadoslagares.com\/#\/schema\/logo\/image\/","url":"https:\/\/quintadoslagares.com\/wp-content\/uploads\/2023\/04\/cropped-logo-lagares-verde-pretoo-1.png","contentUrl":"https:\/\/quintadoslagares.com\/wp-content\/uploads\/2023\/04\/cropped-logo-lagares-verde-pretoo-1.png","width":551,"height":76,"caption":"Quinta dos Lagares"},"image":{"@id":"https:\/\/quintadoslagares.com\/#\/schema\/logo\/image\/"}}]}},"_links":{"self":[{"href":"https:\/\/quintadoslagares.com\/fr\/wp-json\/wp\/v2\/product\/35","targetHints":{"allow":["GET"]}}],"collection":[{"href":"https:\/\/quintadoslagares.com\/fr\/wp-json\/wp\/v2\/product"}],"about":[{"href":"https:\/\/quintadoslagares.com\/fr\/wp-json\/wp\/v2\/types\/product"}],"wp:featuredmedia":[{"embeddable":true,"href":"https:\/\/quintadoslagares.com\/fr\/wp-json\/wp\/v2\/media\/45"}],"wp:attachment":[{"href":"https:\/\/quintadoslagares.com\/fr\/wp-json\/wp\/v2\/media?parent=35"}],"wp:term":[{"taxonomy":"product_brand","embeddable":true,"href":"https:\/\/quintadoslagares.com\/fr\/wp-json\/wp\/v2\/product_brand?post=35"},{"taxonomy":"product_cat","embeddable":true,"href":"https:\/\/quintadoslagares.com\/fr\/wp-json\/wp\/v2\/product_cat?post=35"},{"taxonomy":"product_tag","embeddable":true,"href":"https:\/\/quintadoslagares.com\/fr\/wp-json\/wp\/v2\/product_tag?post=35"}],"curies":[{"name":"wp","href":"https:\/\/api.w.org\/{rel}","templated":true}]}}