{"id":70,"date":"2023-04-13T07:11:22","date_gmt":"2023-04-13T07:11:22","guid":{"rendered":"http:\/\/quintadoslagares.com\/?page_id=70"},"modified":"2023-09-01T11:31:48","modified_gmt":"2023-09-01T11:31:48","slug":"area-legal","status":"publish","type":"page","link":"https:\/\/quintadoslagares.com\/fr\/area-legal\/","title":{"rendered":"Domaine juridique"},"content":{"rendered":"<h3 class=\"wp-block-heading\">Livre des Plaintes<\/h3><p>La QUINTA DOS LAGARES met \u00e0 votre disposition un Livre des Plaintes \u00c9lectronique, acc\u00e9dez-y ici :<br><a href=\"https:\/\/www.livroreclamacoes.pt\/inicio\"><\/a><\/p><div class=\"wp-block-image\"><figure class=\"aligncenter size-full is-resized\"><a href=\"https:\/\/www.livroreclamacoes.pt\/Inicio\/\"><img loading=\"lazy\" decoding=\"async\" src=\"http:\/\/quintadoslagares.com\/wp-content\/uploads\/2023\/04\/livro_reclamacoes.png\" alt=\"\" class=\"wp-image-71\" style=\"width:254px;height:105px\" width=\"254\" height=\"105\"\/><\/a><\/figure><\/div><h3 class=\"wp-block-heading\">R\u00e9solution Alternative des Conflits<\/h3><div class=\"wp-block-image\"><figure class=\"aligncenter is-resized\"><a href=\"https:\/\/www.cniacc.pt\/pt\/\"><img loading=\"lazy\" decoding=\"async\" src=\"https:\/\/extremepoint.pt\/wp-content\/uploads\/2020\/11\/cniacc.png\" alt=\"\" style=\"width:375px;height:125px\" width=\"375\" height=\"125\"\/><\/a><\/figure><\/div><p>La QUINTA DOS LAGARES est une entreprise adh\u00e9rente au Centre National d&#8217;Information et d&#8217;Arbitrage des Conflits de Consommation (CNIACC), avec les coordonn\u00e9es suivantes :<\/p><p>ADRESSE :<\/p><p>Rua D. Afonso Henriques, 1<\/p><p>4700-030 Braga<\/p><p>GPS<\/p><p>N 41\u00ba 32\u2032 55.685\u201d<\/p><p>O 8\u00ba 25\u2032 41.802\u201d<\/p><p>T\u00c9L<\/p><p>253 619 107<\/p><p>EMAIL<\/p><p><a href=\"mailto:geral@cniacc.pt\">geral@cniacc.pt<\/a><\/p><p>En cas de litige, le consommateur peut faire appel \u00e0 cette Entit\u00e9 de R\u00e9solution des Litiges.<\/p><p>Plus d&#8217;informations sur le site du Consommateur <a href=\"http:\/\/www.consumidor.pt\/\">www.consumidor.pt<\/a><\/p><p>Vous pouvez consulter la liste des Entit\u00e9s de R\u00e9solution Alternatives des Litiges (Centres d&#8217;Arbitrage des Conflits de Consommation) et des Centres d&#8217;Information Municipaux pour le Consommateur.<\/p><h3 class=\"wp-block-heading\">Aten\u00e7\u00e3o:<\/h3><p>Pour \u00e9viter les conflits de consommation, le consommateur doit :<\/p><p><strong>Avant d&#8217;acheter :<\/strong><\/p><p>Se renseigner sur les caract\u00e9ristiques du produit\/service pour v\u00e9rifier s&#8217;ils r\u00e9pondent \u00e0 ses besoins.<\/p><ul class=\"wp-block-list\"><li>Comparer les prix.<\/li>\n\n<li>Se renseigner sur les conditions d&#8217;\u00e9change.<\/li>\n\n<li>Se renseigner sur la garantie et le service apr\u00e8s-vente.<\/li>\n\n<li>Si n\u00e9cessaire, demander un devis \u00e9crit et d\u00e9taill\u00e9.<\/li>\n\n<li>En cas de contrat \u00e9crit, demander du temps pour le lire attentivement. Ne pas prendre de d\u00e9cision imm\u00e9diate.<\/li>\n\n<li>Se renseigner sur les conditions de livraison du bien et d&#8217;\u00e9ventuels frais.<\/li>\n\n<li>\u00c9viter de prendre des d\u00e9cisions d&#8217;achat impulsives, en particulier lors des ventes en rue, \u00e0 domicile, par t\u00e9l\u00e9phone, lors d&#8217;excursions, etc. Il vaut mieux prendre le temps de r\u00e9fl\u00e9chir et de demander conseil.<\/li><\/ul><p><strong>Lors de la r\u00e9ception du produit\/service :<\/strong><\/p><p>Verificar se as condi\u00e7\u00f5es do contrato est\u00e3o de acordo com o que pretende.<\/p><ul class=\"wp-block-list\"><li>V\u00e9rifier le produit lors de la livraison.<\/li>\n\n<li>Identifier le document qui sert de garantie.<\/li>\n\n<li>Conserver la facture ou le re\u00e7u, cela sera n\u00e9cessaire en cas d&#8217;\u00e9change ou de r\u00e9clamation.<\/li>\n\n<li>Si le vendeur permet des \u00e9changes ou des retours non obligatoires (\u00e9change\/retour de biens non d\u00e9fectueux), conserver le document qui en atteste et v\u00e9rifier les conditions dans lesquelles cela peut \u00eatre effectu\u00e9.<\/li><\/ul><p><strong>Lors de la signature d&#8217;un contrat :<\/strong><\/p><p>V\u00e9rifier que ce qui est \u00e9crit dans les clauses du contrat est clair pour vous, et ne pas signer de documents sans les lire attentivement et comprendre ce que vous signez. Demander du temps pour la r\u00e9flexion et consulter en cas de doute.<\/p><p>Soyez attentif car, en cas d&#8217;achat \u00e0 cr\u00e9dit, vous pourriez \u00eatre en train de signer plus d&#8217;un contrat : un pour l&#8217;achat et la vente, et un autre pour le cr\u00e9dit, qui peuvent parfois figurer dans le m\u00eame document. V\u00e9rifiez toutes les conditions.<\/p><p>Si vous \u00eates un consommateur r\u00e9sidant dans un autre \u00c9tat membre, adressez votre r\u00e9clamation au Centre europ\u00e9en des consommateurs en acc\u00e9dant \u00e0 leur site web o\u00f9 vous trouverez le formulaire de r\u00e9clamation.<\/p><p>Acc\u00e9dez au Centre Europ\u00e9en des Consommateurs :<\/p><div class=\"wp-block-image\"><figure class=\"aligncenter\"><a href=\"https:\/\/cec.consumidor.pt\/\"><img decoding=\"async\" src=\"https:\/\/extremepoint.pt\/wp-content\/uploads\/2020\/11\/cec.jpg\" alt=\"\"\/><\/a><\/figure><\/div>\n\n\n\t<div class=\"dkpdf-button-container\" style=\" text-align:right \">\n\n\t\t<a class=\"dkpdf-button\" href=\"\/fr\/wp-json\/wp\/v2\/pages\/70?pdf=70\" target=\"_blank\"><span class=\"dkpdf-button-icon\"><i class=\"fa fa-file-pdf-o\"><\/i><\/span> PDF<\/a>\n\n\t<\/div>\n\n\n\n\n\n","protected":false},"excerpt":{"rendered":"<p>Livre des Plaintes La QUINTA DOS LAGARES met \u00e0 votre disposition un Livre des Plaintes \u00c9lectronique, acc\u00e9dez-y ici : R\u00e9solution Alternative des Conflits La QUINTA DOS LAGARES est une entreprise adh\u00e9rente au Centre National d&#8217;Information et d&#8217;Arbitrage des Conflits de Consommation (CNIACC), avec les coordonn\u00e9es suivantes : ADRESSE : Rua D. Afonso Henriques, 1 4700-030 [&hellip;]<\/p>\n","protected":false},"author":1,"featured_media":0,"parent":0,"menu_order":0,"comment_status":"closed","ping_status":"closed","template":"","meta":{"_acf_changed":false,"footnotes":""},"class_list":["post-70","page","type-page","status-publish","hentry"],"translation":{"provider":"WPGlobus","version":"2.10.6","language":"fr","enabled_languages":["pt","en","fr"],"languages":{"pt":{"title":true,"content":true,"excerpt":false},"en":{"title":true,"content":true,"excerpt":false},"fr":{"title":true,"content":true,"excerpt":false}}},"acf":[],"yoast_head":"<!-- This site is optimized with the Yoast SEO plugin v26.9 - https:\/\/yoast.com\/product\/yoast-seo-wordpress\/ -->\n<title>Domaine juridique - Quinta dos Lagares<\/title>\n<meta name=\"robots\" content=\"index, follow, max-snippet:-1, max-image-preview:large, max-video-preview:-1\" \/>\n<link rel=\"canonical\" href=\"https:\/\/quintadoslagares.com\/area-legal\/\" \/>\n<meta property=\"og:locale\" content=\"fr_FR\" \/>\n<meta property=\"og:type\" content=\"article\" \/>\n<meta property=\"og:title\" content=\"Domaine juridique - Quinta dos Lagares\" \/>\n<meta property=\"og:url\" content=\"https:\/\/quintadoslagares.com\/area-legal\/\" \/>\n<meta property=\"og:site_name\" content=\"Quinta dos Lagares\" \/>\n<meta property=\"article:modified_time\" content=\"2023-09-01T11:31:48+00:00\" \/>\n<meta property=\"og:image\" content=\"http:\/\/quintadoslagares.com\/wp-content\/uploads\/2023\/04\/livro_reclamacoes.png\" \/>\n<meta name=\"twitter:card\" content=\"summary_large_image\" \/>\n<meta name=\"twitter:label1\" content=\"Est. reading time\" \/>\n\t<meta name=\"twitter:data1\" content=\"3 minutes\" \/>\n<script type=\"application\/ld+json\" class=\"yoast-schema-graph\">{\"@context\":\"https:\/\/schema.org\",\"@graph\":[{\"@type\":\"WebPage\",\"@id\":\"https:\/\/quintadoslagares.com\/area-legal\/\",\"url\":\"https:\/\/quintadoslagares.com\/area-legal\/\",\"name\":\"Domaine juridique - Quinta dos Lagares\",\"isPartOf\":{\"@id\":\"https:\/\/quintadoslagares.com\/#website\"},\"primaryImageOfPage\":{\"@id\":\"https:\/\/quintadoslagares.com\/area-legal\/#primaryimage\"},\"image\":{\"@id\":\"https:\/\/quintadoslagares.com\/area-legal\/#primaryimage\"},\"thumbnailUrl\":\"http:\/\/quintadoslagares.com\/wp-content\/uploads\/2023\/04\/livro_reclamacoes.png\",\"datePublished\":\"2023-04-13T07:11:22+00:00\",\"dateModified\":\"2023-09-01T11:31:48+00:00\",\"breadcrumb\":{\"@id\":\"https:\/\/quintadoslagares.com\/area-legal\/#breadcrumb\"},\"inLanguage\":\"fr-FR\",\"potentialAction\":[{\"@type\":\"ReadAction\",\"target\":[\"https:\/\/quintadoslagares.com\/area-legal\/\"]}]},{\"@type\":\"ImageObject\",\"inLanguage\":\"fr-FR\",\"@id\":\"https:\/\/quintadoslagares.com\/area-legal\/#primaryimage\",\"url\":\"http:\/\/quintadoslagares.com\/wp-content\/uploads\/2023\/04\/livro_reclamacoes.png\",\"contentUrl\":\"http:\/\/quintadoslagares.com\/wp-content\/uploads\/2023\/04\/livro_reclamacoes.png\"},{\"@type\":\"BreadcrumbList\",\"@id\":\"https:\/\/quintadoslagares.com\/area-legal\/#breadcrumb\",\"itemListElement\":[{\"@type\":\"ListItem\",\"position\":1,\"name\":\"In\u00edcio\",\"item\":\"https:\/\/quintadoslagares.com\/\"},{\"@type\":\"ListItem\",\"position\":2,\"name\":\"\u00c1rea legal\"}]},{\"@type\":\"WebSite\",\"@id\":\"https:\/\/quintadoslagares.com\/#website\",\"url\":\"https:\/\/quintadoslagares.com\/\",\"name\":\"Quinta dos Lagares\",\"description\":\"\",\"publisher\":{\"@id\":\"https:\/\/quintadoslagares.com\/#organization\"},\"potentialAction\":[{\"@type\":\"SearchAction\",\"target\":{\"@type\":\"EntryPoint\",\"urlTemplate\":\"https:\/\/quintadoslagares.com\/?s={search_term_string}\"},\"query-input\":{\"@type\":\"PropertyValueSpecification\",\"valueRequired\":true,\"valueName\":\"search_term_string\"}}],\"inLanguage\":\"fr-FR\"},{\"@type\":\"Organization\",\"@id\":\"https:\/\/quintadoslagares.com\/#organization\",\"name\":\"Quinta dos Lagares\",\"url\":\"https:\/\/quintadoslagares.com\/\",\"logo\":{\"@type\":\"ImageObject\",\"inLanguage\":\"fr-FR\",\"@id\":\"https:\/\/quintadoslagares.com\/#\/schema\/logo\/image\/\",\"url\":\"https:\/\/quintadoslagares.com\/wp-content\/uploads\/2023\/04\/cropped-logo-lagares-verde-pretoo-1.png\",\"contentUrl\":\"https:\/\/quintadoslagares.com\/wp-content\/uploads\/2023\/04\/cropped-logo-lagares-verde-pretoo-1.png\",\"width\":551,\"height\":76,\"caption\":\"Quinta dos Lagares\"},\"image\":{\"@id\":\"https:\/\/quintadoslagares.com\/#\/schema\/logo\/image\/\"}}]}<\/script>\n<!-- \/ Yoast SEO plugin. -->","yoast_head_json":{"title":"Domaine juridique - Quinta dos Lagares","robots":{"index":"index","follow":"follow","max-snippet":"max-snippet:-1","max-image-preview":"max-image-preview:large","max-video-preview":"max-video-preview:-1"},"canonical":"https:\/\/quintadoslagares.com\/area-legal\/","og_locale":"fr_FR","og_type":"article","og_title":"Domaine juridique - Quinta dos Lagares","og_url":"https:\/\/quintadoslagares.com\/area-legal\/","og_site_name":"Quinta dos Lagares","article_modified_time":"2023-09-01T11:31:48+00:00","og_image":[{"url":"http:\/\/quintadoslagares.com\/wp-content\/uploads\/2023\/04\/livro_reclamacoes.png","type":"","width":"","height":""}],"twitter_card":"summary_large_image","twitter_misc":{"Est. reading time":"3 minutes"},"schema":{"@context":"https:\/\/schema.org","@graph":[{"@type":"WebPage","@id":"https:\/\/quintadoslagares.com\/area-legal\/","url":"https:\/\/quintadoslagares.com\/area-legal\/","name":"Domaine juridique - Quinta dos Lagares","isPartOf":{"@id":"https:\/\/quintadoslagares.com\/#website"},"primaryImageOfPage":{"@id":"https:\/\/quintadoslagares.com\/area-legal\/#primaryimage"},"image":{"@id":"https:\/\/quintadoslagares.com\/area-legal\/#primaryimage"},"thumbnailUrl":"http:\/\/quintadoslagares.com\/wp-content\/uploads\/2023\/04\/livro_reclamacoes.png","datePublished":"2023-04-13T07:11:22+00:00","dateModified":"2023-09-01T11:31:48+00:00","breadcrumb":{"@id":"https:\/\/quintadoslagares.com\/area-legal\/#breadcrumb"},"inLanguage":"fr-FR","potentialAction":[{"@type":"ReadAction","target":["https:\/\/quintadoslagares.com\/area-legal\/"]}]},{"@type":"ImageObject","inLanguage":"fr-FR","@id":"https:\/\/quintadoslagares.com\/area-legal\/#primaryimage","url":"http:\/\/quintadoslagares.com\/wp-content\/uploads\/2023\/04\/livro_reclamacoes.png","contentUrl":"http:\/\/quintadoslagares.com\/wp-content\/uploads\/2023\/04\/livro_reclamacoes.png"},{"@type":"BreadcrumbList","@id":"https:\/\/quintadoslagares.com\/area-legal\/#breadcrumb","itemListElement":[{"@type":"ListItem","position":1,"name":"In\u00edcio","item":"https:\/\/quintadoslagares.com\/"},{"@type":"ListItem","position":2,"name":"\u00c1rea legal"}]},{"@type":"WebSite","@id":"https:\/\/quintadoslagares.com\/#website","url":"https:\/\/quintadoslagares.com\/","name":"Quinta dos Lagares","description":"","publisher":{"@id":"https:\/\/quintadoslagares.com\/#organization"},"potentialAction":[{"@type":"SearchAction","target":{"@type":"EntryPoint","urlTemplate":"https:\/\/quintadoslagares.com\/?s={search_term_string}"},"query-input":{"@type":"PropertyValueSpecification","valueRequired":true,"valueName":"search_term_string"}}],"inLanguage":"fr-FR"},{"@type":"Organization","@id":"https:\/\/quintadoslagares.com\/#organization","name":"Quinta dos Lagares","url":"https:\/\/quintadoslagares.com\/","logo":{"@type":"ImageObject","inLanguage":"fr-FR","@id":"https:\/\/quintadoslagares.com\/#\/schema\/logo\/image\/","url":"https:\/\/quintadoslagares.com\/wp-content\/uploads\/2023\/04\/cropped-logo-lagares-verde-pretoo-1.png","contentUrl":"https:\/\/quintadoslagares.com\/wp-content\/uploads\/2023\/04\/cropped-logo-lagares-verde-pretoo-1.png","width":551,"height":76,"caption":"Quinta dos Lagares"},"image":{"@id":"https:\/\/quintadoslagares.com\/#\/schema\/logo\/image\/"}}]}},"_links":{"self":[{"href":"https:\/\/quintadoslagares.com\/fr\/wp-json\/wp\/v2\/pages\/70","targetHints":{"allow":["GET"]}}],"collection":[{"href":"https:\/\/quintadoslagares.com\/fr\/wp-json\/wp\/v2\/pages"}],"about":[{"href":"https:\/\/quintadoslagares.com\/fr\/wp-json\/wp\/v2\/types\/page"}],"author":[{"embeddable":true,"href":"https:\/\/quintadoslagares.com\/fr\/wp-json\/wp\/v2\/users\/1"}],"replies":[{"embeddable":true,"href":"https:\/\/quintadoslagares.com\/fr\/wp-json\/wp\/v2\/comments?post=70"}],"version-history":[{"count":5,"href":"https:\/\/quintadoslagares.com\/fr\/wp-json\/wp\/v2\/pages\/70\/revisions"}],"predecessor-version":[{"id":288,"href":"https:\/\/quintadoslagares.com\/fr\/wp-json\/wp\/v2\/pages\/70\/revisions\/288"}],"wp:attachment":[{"href":"https:\/\/quintadoslagares.com\/fr\/wp-json\/wp\/v2\/media?parent=70"}],"curies":[{"name":"wp","href":"https:\/\/api.w.org\/{rel}","templated":true}]}}