{"id":68,"date":"2023-04-13T07:08:06","date_gmt":"2023-04-13T07:08:06","guid":{"rendered":"http:\/\/quintadoslagares.com\/?page_id=68"},"modified":"2023-08-28T14:14:37","modified_gmt":"2023-08-28T14:14:37","slug":"termos-e-condicoes","status":"publish","type":"page","link":"https:\/\/quintadoslagares.com\/fr\/termos-e-condicoes\/","title":{"rendered":"Conditions g\u00e9n\u00e9rales d&#8217;utilisation"},"content":{"rendered":"<h3 class=\"wp-block-heading\">Informations de Contact pour le Service Client<\/h3><p>Si vous avez des questions, veuillez contacter notre service client\u00e8le \u00e0:<\/p><p><strong>Adresse:<\/strong>\u00a0Quinta dos Lagares<br>5085-105<br>Alij\u00f3<\/p><p><strong>T\u00e9l\u00e9phone:<\/strong>\u00a0<a data-type=\"tel\" data-id=\"tel:+351938353308\" href=\"tel:+351938353308\">+ 351 938 353 308<\/a><\/p><p><strong>Email:<\/strong>&nbsp;<a href=\"mailto:geral@quintadoslagares.pt\">geral@quintadoslagares.pt<\/a><\/p><h3 class=\"wp-block-heading\">Confidentialit\u00e9<\/h3><p>Les informations personnelles que vous fournirez \u00e0 QUINTA DOS LAGARES seront utilis\u00e9es exclusivement pour permettre le bon fonctionnement et vous fournir le meilleur service. QUINTA DOS LAGARES ne partagera pas vos informations avec des tiers sans votre consentement. Vous avez le droit de consulter vos informations personnelles sur demande. Si les informations sont incompl\u00e8tes ou incorrectes, vous avez le droit de les modifier ou de les supprimer. Pour plus d&#8217;informations, consultez notre politique de confidentialit\u00e9.<\/p><h3 class=\"wp-block-heading\">Cookies<\/h3><p>Les cookies sont utilis\u00e9s par QUINTA DOS LAGARES pour am\u00e9liorer votre exp\u00e9rience de navigation et d&#8217;utilisation du site. Le cookie identifie votre ordinateur et permet au site de se souvenir de vos param\u00e8tres personnels. QUINTA DOS LAGARES ne fonctionnera pas correctement lorsque vos cookies sont d\u00e9sactiv\u00e9s. Pour plus d&#8217;informations, consultez notre politique de confidentialit\u00e9.<\/p><h3 class=\"wp-block-heading\">Clause de non-responsabilit\u00e9<\/h3><p>La vente de produits de QUINTA DOS LAGARES est effectu\u00e9e par des fournisseurs externes. Par cons\u00e9quent, QUINTA DOS LAGARES ne peut pas garantir que tous les produits pr\u00e9sent\u00e9s sont disponibles au moment de votre commande, ni \u00eatre tenue responsable de toute divergence.<\/p><h3 class=\"wp-block-heading\">Prix et Paiement<\/h3><p>La tarification rel\u00e8ve de la responsabilit\u00e9 des sites externes. Les modalit\u00e9s de paiement sont sp\u00e9cifiques au site o\u00f9 vous achetez le produit.<\/p><p><\/p><h3 class=\"wp-block-heading\">Feedback et Politique de R\u00e9clamations<\/h3><p>Nous appr\u00e9cions tout commentaire que vous souhaitez apporter \u00e0 propos de notre service. Notre objectif est de l&#8217;am\u00e9liorer et de traiter les probl\u00e8mes rapidement et \u00e9quitablement. Si vous avez une r\u00e9clamation, veuillez envoyer un courriel \u00e0 <a href=\"mailto:geral@quintadoslagares.pt\">geral@quintadoslagares.pt<\/a> en indiquant clairement qu&#8217;il s&#8217;agit d&#8217;une r\u00e9clamation. Notre objectif est de r\u00e9pondre \u00e0 votre r\u00e9clamation dans les plus brefs d\u00e9lais.<\/p>\n\n\n\t<div class=\"dkpdf-button-container\" style=\" text-align:right \">\n\n\t\t<a class=\"dkpdf-button\" href=\"\/fr\/wp-json\/wp\/v2\/pages\/68?pdf=68\" target=\"_blank\"><span class=\"dkpdf-button-icon\"><i class=\"fa fa-file-pdf-o\"><\/i><\/span> PDF<\/a>\n\n\t<\/div>\n\n\n\n\n\n","protected":false},"excerpt":{"rendered":"<p>Informations de Contact pour le Service Client Si vous avez des questions, veuillez contacter notre service client\u00e8le \u00e0: Adresse:\u00a0Quinta dos Lagares5085-105Alij\u00f3 T\u00e9l\u00e9phone:\u00a0+ 351 938 353 308 Email:&nbsp;geral@quintadoslagares.pt Confidentialit\u00e9 Les informations personnelles que vous fournirez \u00e0 QUINTA DOS LAGARES seront utilis\u00e9es exclusivement pour permettre le bon fonctionnement et vous fournir le meilleur service. QUINTA DOS LAGARES [&hellip;]<\/p>\n","protected":false},"author":1,"featured_media":0,"parent":0,"menu_order":0,"comment_status":"closed","ping_status":"closed","template":"","meta":{"_acf_changed":false,"footnotes":""},"class_list":["post-68","page","type-page","status-publish","hentry"],"translation":{"provider":"WPGlobus","version":"2.10.6","language":"fr","enabled_languages":["pt","en","fr"],"languages":{"pt":{"title":true,"content":true,"excerpt":false},"en":{"title":true,"content":true,"excerpt":false},"fr":{"title":true,"content":true,"excerpt":false}}},"acf":[],"yoast_head":"<!-- This site is optimized with the Yoast SEO plugin v26.9 - https:\/\/yoast.com\/product\/yoast-seo-wordpress\/ -->\n<title>Conditions g\u00e9n\u00e9rales d&#039;utilisation - Quinta dos Lagares<\/title>\n<meta name=\"robots\" content=\"index, follow, max-snippet:-1, max-image-preview:large, max-video-preview:-1\" \/>\n<link rel=\"canonical\" href=\"https:\/\/quintadoslagares.com\/termos-e-condicoes\/\" \/>\n<meta property=\"og:locale\" content=\"fr_FR\" \/>\n<meta property=\"og:type\" content=\"article\" \/>\n<meta property=\"og:title\" content=\"Conditions g\u00e9n\u00e9rales d&#039;utilisation - Quinta dos Lagares\" \/>\n<meta property=\"og:url\" content=\"https:\/\/quintadoslagares.com\/termos-e-condicoes\/\" \/>\n<meta property=\"og:site_name\" content=\"Quinta dos Lagares\" \/>\n<meta property=\"article:modified_time\" content=\"2023-08-28T14:14:37+00:00\" \/>\n<meta name=\"twitter:card\" content=\"summary_large_image\" \/>\n<meta name=\"twitter:label1\" content=\"Est. reading time\" \/>\n\t<meta name=\"twitter:data1\" content=\"2 minutes\" \/>\n<script type=\"application\/ld+json\" class=\"yoast-schema-graph\">{\"@context\":\"https:\/\/schema.org\",\"@graph\":[{\"@type\":\"WebPage\",\"@id\":\"https:\/\/quintadoslagares.com\/termos-e-condicoes\/\",\"url\":\"https:\/\/quintadoslagares.com\/termos-e-condicoes\/\",\"name\":\"Conditions g\u00e9n\u00e9rales d'utilisation - Quinta dos Lagares\",\"isPartOf\":{\"@id\":\"https:\/\/quintadoslagares.com\/#website\"},\"datePublished\":\"2023-04-13T07:08:06+00:00\",\"dateModified\":\"2023-08-28T14:14:37+00:00\",\"breadcrumb\":{\"@id\":\"https:\/\/quintadoslagares.com\/termos-e-condicoes\/#breadcrumb\"},\"inLanguage\":\"fr-FR\",\"potentialAction\":[{\"@type\":\"ReadAction\",\"target\":[\"https:\/\/quintadoslagares.com\/termos-e-condicoes\/\"]}]},{\"@type\":\"BreadcrumbList\",\"@id\":\"https:\/\/quintadoslagares.com\/termos-e-condicoes\/#breadcrumb\",\"itemListElement\":[{\"@type\":\"ListItem\",\"position\":1,\"name\":\"In\u00edcio\",\"item\":\"https:\/\/quintadoslagares.com\/\"},{\"@type\":\"ListItem\",\"position\":2,\"name\":\"Termos e condi\u00e7\u00f5es\"}]},{\"@type\":\"WebSite\",\"@id\":\"https:\/\/quintadoslagares.com\/#website\",\"url\":\"https:\/\/quintadoslagares.com\/\",\"name\":\"Quinta dos Lagares\",\"description\":\"\",\"publisher\":{\"@id\":\"https:\/\/quintadoslagares.com\/#organization\"},\"potentialAction\":[{\"@type\":\"SearchAction\",\"target\":{\"@type\":\"EntryPoint\",\"urlTemplate\":\"https:\/\/quintadoslagares.com\/?s={search_term_string}\"},\"query-input\":{\"@type\":\"PropertyValueSpecification\",\"valueRequired\":true,\"valueName\":\"search_term_string\"}}],\"inLanguage\":\"fr-FR\"},{\"@type\":\"Organization\",\"@id\":\"https:\/\/quintadoslagares.com\/#organization\",\"name\":\"Quinta dos Lagares\",\"url\":\"https:\/\/quintadoslagares.com\/\",\"logo\":{\"@type\":\"ImageObject\",\"inLanguage\":\"fr-FR\",\"@id\":\"https:\/\/quintadoslagares.com\/#\/schema\/logo\/image\/\",\"url\":\"https:\/\/quintadoslagares.com\/wp-content\/uploads\/2023\/04\/cropped-logo-lagares-verde-pretoo-1.png\",\"contentUrl\":\"https:\/\/quintadoslagares.com\/wp-content\/uploads\/2023\/04\/cropped-logo-lagares-verde-pretoo-1.png\",\"width\":551,\"height\":76,\"caption\":\"Quinta dos Lagares\"},\"image\":{\"@id\":\"https:\/\/quintadoslagares.com\/#\/schema\/logo\/image\/\"}}]}<\/script>\n<!-- \/ Yoast SEO plugin. -->","yoast_head_json":{"title":"Conditions g\u00e9n\u00e9rales d'utilisation - Quinta dos Lagares","robots":{"index":"index","follow":"follow","max-snippet":"max-snippet:-1","max-image-preview":"max-image-preview:large","max-video-preview":"max-video-preview:-1"},"canonical":"https:\/\/quintadoslagares.com\/termos-e-condicoes\/","og_locale":"fr_FR","og_type":"article","og_title":"Conditions g\u00e9n\u00e9rales d'utilisation - Quinta dos Lagares","og_url":"https:\/\/quintadoslagares.com\/termos-e-condicoes\/","og_site_name":"Quinta dos Lagares","article_modified_time":"2023-08-28T14:14:37+00:00","twitter_card":"summary_large_image","twitter_misc":{"Est. reading time":"2 minutes"},"schema":{"@context":"https:\/\/schema.org","@graph":[{"@type":"WebPage","@id":"https:\/\/quintadoslagares.com\/termos-e-condicoes\/","url":"https:\/\/quintadoslagares.com\/termos-e-condicoes\/","name":"Conditions g\u00e9n\u00e9rales d'utilisation - Quinta dos Lagares","isPartOf":{"@id":"https:\/\/quintadoslagares.com\/#website"},"datePublished":"2023-04-13T07:08:06+00:00","dateModified":"2023-08-28T14:14:37+00:00","breadcrumb":{"@id":"https:\/\/quintadoslagares.com\/termos-e-condicoes\/#breadcrumb"},"inLanguage":"fr-FR","potentialAction":[{"@type":"ReadAction","target":["https:\/\/quintadoslagares.com\/termos-e-condicoes\/"]}]},{"@type":"BreadcrumbList","@id":"https:\/\/quintadoslagares.com\/termos-e-condicoes\/#breadcrumb","itemListElement":[{"@type":"ListItem","position":1,"name":"In\u00edcio","item":"https:\/\/quintadoslagares.com\/"},{"@type":"ListItem","position":2,"name":"Termos e condi\u00e7\u00f5es"}]},{"@type":"WebSite","@id":"https:\/\/quintadoslagares.com\/#website","url":"https:\/\/quintadoslagares.com\/","name":"Quinta dos Lagares","description":"","publisher":{"@id":"https:\/\/quintadoslagares.com\/#organization"},"potentialAction":[{"@type":"SearchAction","target":{"@type":"EntryPoint","urlTemplate":"https:\/\/quintadoslagares.com\/?s={search_term_string}"},"query-input":{"@type":"PropertyValueSpecification","valueRequired":true,"valueName":"search_term_string"}}],"inLanguage":"fr-FR"},{"@type":"Organization","@id":"https:\/\/quintadoslagares.com\/#organization","name":"Quinta dos Lagares","url":"https:\/\/quintadoslagares.com\/","logo":{"@type":"ImageObject","inLanguage":"fr-FR","@id":"https:\/\/quintadoslagares.com\/#\/schema\/logo\/image\/","url":"https:\/\/quintadoslagares.com\/wp-content\/uploads\/2023\/04\/cropped-logo-lagares-verde-pretoo-1.png","contentUrl":"https:\/\/quintadoslagares.com\/wp-content\/uploads\/2023\/04\/cropped-logo-lagares-verde-pretoo-1.png","width":551,"height":76,"caption":"Quinta dos Lagares"},"image":{"@id":"https:\/\/quintadoslagares.com\/#\/schema\/logo\/image\/"}}]}},"_links":{"self":[{"href":"https:\/\/quintadoslagares.com\/fr\/wp-json\/wp\/v2\/pages\/68","targetHints":{"allow":["GET"]}}],"collection":[{"href":"https:\/\/quintadoslagares.com\/fr\/wp-json\/wp\/v2\/pages"}],"about":[{"href":"https:\/\/quintadoslagares.com\/fr\/wp-json\/wp\/v2\/types\/page"}],"author":[{"embeddable":true,"href":"https:\/\/quintadoslagares.com\/fr\/wp-json\/wp\/v2\/users\/1"}],"replies":[{"embeddable":true,"href":"https:\/\/quintadoslagares.com\/fr\/wp-json\/wp\/v2\/comments?post=68"}],"version-history":[{"count":6,"href":"https:\/\/quintadoslagares.com\/fr\/wp-json\/wp\/v2\/pages\/68\/revisions"}],"predecessor-version":[{"id":286,"href":"https:\/\/quintadoslagares.com\/fr\/wp-json\/wp\/v2\/pages\/68\/revisions\/286"}],"wp:attachment":[{"href":"https:\/\/quintadoslagares.com\/fr\/wp-json\/wp\/v2\/media?parent=68"}],"curies":[{"name":"wp","href":"https:\/\/api.w.org\/{rel}","templated":true}]}}