{"id":47,"date":"2023-04-13T06:50:08","date_gmt":"2023-04-13T06:50:08","guid":{"rendered":"http:\/\/quintadoslagares.com\/?page_id=47"},"modified":"2023-08-24T07:39:19","modified_gmt":"2023-08-24T07:39:19","slug":"equipa","status":"publish","type":"page","link":"https:\/\/quintadoslagares.com\/fr\/equipa\/","title":{"rendered":"L&#8217;\u00e9quipe"},"content":{"rendered":"<div class=\"wp-block-columns is-layout-flex wp-container-core-columns-is-layout-9d6595d7 wp-block-columns-is-layout-flex\"><div class=\"wp-block-column is-layout-flow wp-block-column-is-layout-flow\" style=\"flex-basis:33.33%\"><figure class=\"wp-block-gallery has-nested-images columns-default is-cropped wp-block-gallery-1 is-layout-flex wp-block-gallery-is-layout-flex\"><figure class=\"wp-block-image size-large\"><img loading=\"lazy\" decoding=\"async\" width=\"900\" height=\"900\" data-id=\"49\" src=\"http:\/\/quintadoslagares.com\/wp-content\/uploads\/2023\/04\/d2-pedro-isabel.jpg\" alt=\"\" class=\"wp-image-49\"\/><\/figure><\/figure><\/div>\n\n<div class=\"wp-block-column is-layout-flow wp-block-column-is-layout-flow\" style=\"flex-basis:66.66%\"><h2 class=\"wp-block-heading\">PEDRO LENCART ET ISABEL SARMENTO &#8211; DIRECTEURS<\/h2>\n\n<p>Pedro et Isabel sont connect\u00e9s \u00e0 la terre par leur profession. Lui, ing\u00e9nieur forestier et elle ing\u00e9nieur agricole. Le Douro faisait d\u00e9j\u00e0 partie de leur vie m\u00eame quand Pedro, Directeur de projets forestiers pour de grandes entreprises a d\u00e9m\u00e9nag\u00e9 avec sa famille en Uruguay et en Espagne.<\/p>\n\n<p>En 2006, Pedro a cr\u00e9\u00e9 Vitavitis, entreprise de Gestion et Consultation Agricole et Foresti\u00e8re. En 2013 la famille d\u00e9m\u00e9nage \u00e0 Vila Real pour se consacrer enti\u00e8rement \u00e0 la gestion commerciale et \u00e0 l\u2019exploitation de la Quinta dos Lagares, principale activit\u00e9 de Vitavitis.<\/p><\/div><\/div><div class=\"wp-block-columns is-layout-flex wp-container-core-columns-is-layout-9d6595d7 wp-block-columns-is-layout-flex\"><div class=\"wp-block-column is-layout-flow wp-block-column-is-layout-flow\" style=\"flex-basis:66.66%\"><h2 class=\"wp-block-heading\">F\u00c1TIMA RIBAS \u2013 VITICULTURE ET OENOLOGIE<\/h2>\n\n<p>F\u00e1tima est ing\u00e9nieur agricole et elle a fait ses \u00e9tudes \u00e0 l\u2019Universit\u00e9 de Tr\u00e1s-os-Montes e Alto Douro.<\/p>\n\n<p>Bien qu\u2019\u00e9tant originaire de Lisbonne, F\u00e1tima a toujours aim\u00e9 particuli\u00e8rement la r\u00e9gion du Douro o\u00f9 elle a travaill\u00e9 la plupart de sa vie professionnelle.<\/p>\n\n<p>Elle aime beaucoup le travail du vin:&nbsp; des raisins jusqu\u2019au vin proprement dit.<\/p>\n\n<p>Fatima est la responsable pour la viticulture et l\u2019oenologie de la Quinta dos Lagares.<\/p><\/div><\/div>\n\n\n\t<div class=\"dkpdf-button-container\" style=\" text-align:right \">\n\n\t\t<a class=\"dkpdf-button\" href=\"\/fr\/wp-json\/wp\/v2\/pages\/47?pdf=47\" target=\"_blank\"><span class=\"dkpdf-button-icon\"><i class=\"fa fa-file-pdf-o\"><\/i><\/span> PDF<\/a>\n\n\t<\/div>\n\n\n\n\n\n","protected":false},"excerpt":{"rendered":"<p>PEDRO LENCART ET ISABEL SARMENTO &#8211; DIRECTEURS Pedro et Isabel sont connect\u00e9s \u00e0 la terre par leur profession. Lui, ing\u00e9nieur forestier et elle ing\u00e9nieur agricole. Le Douro faisait d\u00e9j\u00e0 partie de leur vie m\u00eame quand Pedro, Directeur de projets forestiers pour de grandes entreprises a d\u00e9m\u00e9nag\u00e9 avec sa famille en Uruguay et en Espagne. En [&hellip;]<\/p>\n","protected":false},"author":1,"featured_media":233,"parent":0,"menu_order":0,"comment_status":"closed","ping_status":"closed","template":"","meta":{"_acf_changed":false,"footnotes":""},"class_list":["post-47","page","type-page","status-publish","has-post-thumbnail","hentry"],"translation":{"provider":"WPGlobus","version":"2.10.6","language":"fr","enabled_languages":["pt","en","fr"],"languages":{"pt":{"title":true,"content":true,"excerpt":false},"en":{"title":true,"content":true,"excerpt":false},"fr":{"title":true,"content":true,"excerpt":false}}},"acf":[],"yoast_head":"<!-- This site is optimized with the Yoast SEO plugin v26.9 - https:\/\/yoast.com\/product\/yoast-seo-wordpress\/ -->\n<title>L&#039;\u00e9quipe - Quinta dos Lagares<\/title>\n<meta name=\"robots\" content=\"index, follow, max-snippet:-1, max-image-preview:large, max-video-preview:-1\" \/>\n<link rel=\"canonical\" href=\"https:\/\/quintadoslagares.com\/equipa\/\" \/>\n<meta property=\"og:locale\" content=\"fr_FR\" \/>\n<meta property=\"og:type\" content=\"article\" \/>\n<meta property=\"og:title\" content=\"L&#039;\u00e9quipe - Quinta dos Lagares\" \/>\n<meta property=\"og:url\" content=\"https:\/\/quintadoslagares.com\/equipa\/\" \/>\n<meta property=\"og:site_name\" content=\"Quinta dos Lagares\" \/>\n<meta property=\"article:modified_time\" content=\"2023-08-24T07:39:19+00:00\" \/>\n<meta property=\"og:image\" content=\"https:\/\/quintadoslagares.com\/wp-content\/uploads\/2023\/08\/Untitled02.jpg\" \/>\n\t<meta property=\"og:image:width\" content=\"975\" \/>\n\t<meta property=\"og:image:height\" content=\"456\" \/>\n\t<meta property=\"og:image:type\" content=\"image\/jpeg\" \/>\n<meta name=\"twitter:card\" content=\"summary_large_image\" \/>\n<meta name=\"twitter:label1\" content=\"Est. reading time\" \/>\n\t<meta name=\"twitter:data1\" content=\"2 minutes\" \/>\n<script type=\"application\/ld+json\" class=\"yoast-schema-graph\">{\"@context\":\"https:\/\/schema.org\",\"@graph\":[{\"@type\":\"WebPage\",\"@id\":\"https:\/\/quintadoslagares.com\/equipa\/\",\"url\":\"https:\/\/quintadoslagares.com\/equipa\/\",\"name\":\"L'\u00e9quipe - Quinta dos Lagares\",\"isPartOf\":{\"@id\":\"https:\/\/quintadoslagares.com\/#website\"},\"primaryImageOfPage\":{\"@id\":\"https:\/\/quintadoslagares.com\/equipa\/#primaryimage\"},\"image\":{\"@id\":\"https:\/\/quintadoslagares.com\/equipa\/#primaryimage\"},\"thumbnailUrl\":\"https:\/\/quintadoslagares.com\/wp-content\/uploads\/2023\/08\/Untitled02.jpg\",\"datePublished\":\"2023-04-13T06:50:08+00:00\",\"dateModified\":\"2023-08-24T07:39:19+00:00\",\"breadcrumb\":{\"@id\":\"https:\/\/quintadoslagares.com\/equipa\/#breadcrumb\"},\"inLanguage\":\"fr-FR\",\"potentialAction\":[{\"@type\":\"ReadAction\",\"target\":[\"https:\/\/quintadoslagares.com\/equipa\/\"]}]},{\"@type\":\"ImageObject\",\"inLanguage\":\"fr-FR\",\"@id\":\"https:\/\/quintadoslagares.com\/equipa\/#primaryimage\",\"url\":\"https:\/\/quintadoslagares.com\/wp-content\/uploads\/2023\/08\/Untitled02.jpg\",\"contentUrl\":\"https:\/\/quintadoslagares.com\/wp-content\/uploads\/2023\/08\/Untitled02.jpg\",\"width\":975,\"height\":456},{\"@type\":\"BreadcrumbList\",\"@id\":\"https:\/\/quintadoslagares.com\/equipa\/#breadcrumb\",\"itemListElement\":[{\"@type\":\"ListItem\",\"position\":1,\"name\":\"In\u00edcio\",\"item\":\"https:\/\/quintadoslagares.com\/\"},{\"@type\":\"ListItem\",\"position\":2,\"name\":\"Equipa\"}]},{\"@type\":\"WebSite\",\"@id\":\"https:\/\/quintadoslagares.com\/#website\",\"url\":\"https:\/\/quintadoslagares.com\/\",\"name\":\"Quinta dos Lagares\",\"description\":\"\",\"publisher\":{\"@id\":\"https:\/\/quintadoslagares.com\/#organization\"},\"potentialAction\":[{\"@type\":\"SearchAction\",\"target\":{\"@type\":\"EntryPoint\",\"urlTemplate\":\"https:\/\/quintadoslagares.com\/?s={search_term_string}\"},\"query-input\":{\"@type\":\"PropertyValueSpecification\",\"valueRequired\":true,\"valueName\":\"search_term_string\"}}],\"inLanguage\":\"fr-FR\"},{\"@type\":\"Organization\",\"@id\":\"https:\/\/quintadoslagares.com\/#organization\",\"name\":\"Quinta dos Lagares\",\"url\":\"https:\/\/quintadoslagares.com\/\",\"logo\":{\"@type\":\"ImageObject\",\"inLanguage\":\"fr-FR\",\"@id\":\"https:\/\/quintadoslagares.com\/#\/schema\/logo\/image\/\",\"url\":\"https:\/\/quintadoslagares.com\/wp-content\/uploads\/2023\/04\/cropped-logo-lagares-verde-pretoo-1.png\",\"contentUrl\":\"https:\/\/quintadoslagares.com\/wp-content\/uploads\/2023\/04\/cropped-logo-lagares-verde-pretoo-1.png\",\"width\":551,\"height\":76,\"caption\":\"Quinta dos Lagares\"},\"image\":{\"@id\":\"https:\/\/quintadoslagares.com\/#\/schema\/logo\/image\/\"}}]}<\/script>\n<!-- \/ Yoast SEO plugin. -->","yoast_head_json":{"title":"L'\u00e9quipe - Quinta dos Lagares","robots":{"index":"index","follow":"follow","max-snippet":"max-snippet:-1","max-image-preview":"max-image-preview:large","max-video-preview":"max-video-preview:-1"},"canonical":"https:\/\/quintadoslagares.com\/equipa\/","og_locale":"fr_FR","og_type":"article","og_title":"L'\u00e9quipe - Quinta dos Lagares","og_url":"https:\/\/quintadoslagares.com\/equipa\/","og_site_name":"Quinta dos Lagares","article_modified_time":"2023-08-24T07:39:19+00:00","og_image":[{"width":975,"height":456,"url":"https:\/\/quintadoslagares.com\/wp-content\/uploads\/2023\/08\/Untitled02.jpg","type":"image\/jpeg"}],"twitter_card":"summary_large_image","twitter_misc":{"Est. reading time":"2 minutes"},"schema":{"@context":"https:\/\/schema.org","@graph":[{"@type":"WebPage","@id":"https:\/\/quintadoslagares.com\/equipa\/","url":"https:\/\/quintadoslagares.com\/equipa\/","name":"L'\u00e9quipe - Quinta dos Lagares","isPartOf":{"@id":"https:\/\/quintadoslagares.com\/#website"},"primaryImageOfPage":{"@id":"https:\/\/quintadoslagares.com\/equipa\/#primaryimage"},"image":{"@id":"https:\/\/quintadoslagares.com\/equipa\/#primaryimage"},"thumbnailUrl":"https:\/\/quintadoslagares.com\/wp-content\/uploads\/2023\/08\/Untitled02.jpg","datePublished":"2023-04-13T06:50:08+00:00","dateModified":"2023-08-24T07:39:19+00:00","breadcrumb":{"@id":"https:\/\/quintadoslagares.com\/equipa\/#breadcrumb"},"inLanguage":"fr-FR","potentialAction":[{"@type":"ReadAction","target":["https:\/\/quintadoslagares.com\/equipa\/"]}]},{"@type":"ImageObject","inLanguage":"fr-FR","@id":"https:\/\/quintadoslagares.com\/equipa\/#primaryimage","url":"https:\/\/quintadoslagares.com\/wp-content\/uploads\/2023\/08\/Untitled02.jpg","contentUrl":"https:\/\/quintadoslagares.com\/wp-content\/uploads\/2023\/08\/Untitled02.jpg","width":975,"height":456},{"@type":"BreadcrumbList","@id":"https:\/\/quintadoslagares.com\/equipa\/#breadcrumb","itemListElement":[{"@type":"ListItem","position":1,"name":"In\u00edcio","item":"https:\/\/quintadoslagares.com\/"},{"@type":"ListItem","position":2,"name":"Equipa"}]},{"@type":"WebSite","@id":"https:\/\/quintadoslagares.com\/#website","url":"https:\/\/quintadoslagares.com\/","name":"Quinta dos Lagares","description":"","publisher":{"@id":"https:\/\/quintadoslagares.com\/#organization"},"potentialAction":[{"@type":"SearchAction","target":{"@type":"EntryPoint","urlTemplate":"https:\/\/quintadoslagares.com\/?s={search_term_string}"},"query-input":{"@type":"PropertyValueSpecification","valueRequired":true,"valueName":"search_term_string"}}],"inLanguage":"fr-FR"},{"@type":"Organization","@id":"https:\/\/quintadoslagares.com\/#organization","name":"Quinta dos Lagares","url":"https:\/\/quintadoslagares.com\/","logo":{"@type":"ImageObject","inLanguage":"fr-FR","@id":"https:\/\/quintadoslagares.com\/#\/schema\/logo\/image\/","url":"https:\/\/quintadoslagares.com\/wp-content\/uploads\/2023\/04\/cropped-logo-lagares-verde-pretoo-1.png","contentUrl":"https:\/\/quintadoslagares.com\/wp-content\/uploads\/2023\/04\/cropped-logo-lagares-verde-pretoo-1.png","width":551,"height":76,"caption":"Quinta dos Lagares"},"image":{"@id":"https:\/\/quintadoslagares.com\/#\/schema\/logo\/image\/"}}]}},"_links":{"self":[{"href":"https:\/\/quintadoslagares.com\/fr\/wp-json\/wp\/v2\/pages\/47","targetHints":{"allow":["GET"]}}],"collection":[{"href":"https:\/\/quintadoslagares.com\/fr\/wp-json\/wp\/v2\/pages"}],"about":[{"href":"https:\/\/quintadoslagares.com\/fr\/wp-json\/wp\/v2\/types\/page"}],"author":[{"embeddable":true,"href":"https:\/\/quintadoslagares.com\/fr\/wp-json\/wp\/v2\/users\/1"}],"replies":[{"embeddable":true,"href":"https:\/\/quintadoslagares.com\/fr\/wp-json\/wp\/v2\/comments?post=47"}],"version-history":[{"count":6,"href":"https:\/\/quintadoslagares.com\/fr\/wp-json\/wp\/v2\/pages\/47\/revisions"}],"predecessor-version":[{"id":273,"href":"https:\/\/quintadoslagares.com\/fr\/wp-json\/wp\/v2\/pages\/47\/revisions\/273"}],"wp:featuredmedia":[{"embeddable":true,"href":"https:\/\/quintadoslagares.com\/fr\/wp-json\/wp\/v2\/media\/233"}],"wp:attachment":[{"href":"https:\/\/quintadoslagares.com\/fr\/wp-json\/wp\/v2\/media?parent=47"}],"curies":[{"name":"wp","href":"https:\/\/api.w.org\/{rel}","templated":true}]}}