{"id":2,"date":"2023-04-13T05:40:47","date_gmt":"2023-04-13T05:40:47","guid":{"rendered":"http:\/\/quintadoslagares.com\/?page_id=2"},"modified":"2023-08-24T07:43:18","modified_gmt":"2023-08-24T07:43:18","slug":"pagina-exemplo","status":"publish","type":"page","link":"https:\/\/quintadoslagares.com\/fr\/","title":{"rendered":"Home Page"},"content":{"rendered":"<div class=\"wp-block-columns is-layout-flex wp-container-core-columns-is-layout-9d6595d7 wp-block-columns-is-layout-flex\"><div class=\"wp-block-column is-layout-flow wp-block-column-is-layout-flow\"><p class=\"has-text-align-center\">NOS VINS<\/p>\n\n<figure class=\"wp-block-gallery has-nested-images columns-default is-cropped wp-block-gallery-1 is-layout-flex wp-block-gallery-is-layout-flex\"><figure class=\"wp-block-image size-large\"><img loading=\"lazy\" decoding=\"async\" width=\"1024\" height=\"683\" data-id=\"232\" src=\"https:\/\/quintadoslagares.com\/wp-content\/uploads\/2023\/08\/34_MG_5393_tn_Web-2-1024x683.jpg\" alt=\"\" class=\"wp-image-232\" srcset=\"https:\/\/quintadoslagares.com\/wp-content\/uploads\/2023\/08\/34_MG_5393_tn_Web-2-1024x683.jpg 1024w, https:\/\/quintadoslagares.com\/wp-content\/uploads\/2023\/08\/34_MG_5393_tn_Web-2-300x200.jpg 300w, https:\/\/quintadoslagares.com\/wp-content\/uploads\/2023\/08\/34_MG_5393_tn_Web-2-768x512.jpg 768w, https:\/\/quintadoslagares.com\/wp-content\/uploads\/2023\/08\/34_MG_5393_tn_Web-2-416x277.jpg 416w, https:\/\/quintadoslagares.com\/wp-content\/uploads\/2023\/08\/34_MG_5393_tn_Web-2.jpg 1200w\" sizes=\"auto, (max-width: 1024px) 100vw, 1024px\" \/><\/figure><\/figure><\/div>\n\n<div class=\"wp-block-column is-layout-flow wp-block-column-is-layout-flow\"><p class=\"has-text-align-center\">HISTOIRE<\/p>\n\n<figure class=\"wp-block-gallery has-nested-images columns-default is-cropped wp-block-gallery-2 is-layout-flex wp-block-gallery-is-layout-flex\"><figure class=\"wp-block-image size-full\"><img loading=\"lazy\" decoding=\"async\" width=\"1440\" height=\"960\" data-id=\"19\" src=\"https:\/\/quintadoslagares.com\/wp-content\/uploads\/2023\/04\/b2-quinta.jpg\" alt=\"\" class=\"wp-image-19\"\/><\/figure><\/figure><\/div><\/div><p class=\"has-text-align-center\">ACTUALIT\u00c9S<\/p><ul class=\"wp-block-latest-posts__list wp-block-latest-posts\"><li><div class=\"wp-block-latest-posts__featured-image alignleft\"><img loading=\"lazy\" decoding=\"async\" width=\"150\" height=\"150\" src=\"https:\/\/quintadoslagares.com\/wp-content\/uploads\/2023\/04\/image-10.png\" class=\"attachment-thumbnail size-thumbnail wp-post-image\" alt=\"\" style=\"max-height:250px;\" \/><\/div><a class=\"wp-block-latest-posts__post-title\" href=\"https:\/\/quintadoslagares.com\/fr\/2019\/11\/27\/vinhos-premiados\/\">VINS PRIM\u00c9S<\/a><div class=\"wp-block-latest-posts__post-excerpt\">Les prix du meilleur vin blanc et du meilleur vin fortifi\u00e9 de la derni\u00e8re \u00e9dition de la Foire aux vins de Guimar\u00e3es ont \u00e9t\u00e9 d\u00e9cern\u00e9s \u00e0 Quinta dos Lagares. Quinta dos Lagares Reserva branco 2017 et Porto Vintage 2016 sont arriv\u00e9s premiers dans leur cat\u00e9gorie lors de la d\u00e9gustation de la Foire aux vins de Guimar\u00e3es, qui s&#8217;est d\u00e9roul\u00e9e entre le 22 et le 24 novembre 2019 au Guimar\u00e3es Multiusos. Cette foire d&#8217;envergure nationale permet aux participants de d\u00e9guster mais\u2026 <a class=\"wp-block-latest-posts__read-more\" href=\"https:\/\/quintadoslagares.com\/fr\/2019\/11\/27\/vinhos-premiados\/\" rel=\"noopener noreferrer\">Read more<span class=\"screen-reader-text\">: VINS PRIM\u00c9S<\/span><\/a><\/div><\/li>\n<li><div class=\"wp-block-latest-posts__featured-image alignleft\"><img loading=\"lazy\" decoding=\"async\" width=\"122\" height=\"150\" src=\"https:\/\/quintadoslagares.com\/wp-content\/uploads\/2023\/04\/image-5.png\" class=\"attachment-thumbnail size-thumbnail wp-post-image\" alt=\"\" style=\"max-height:250px;\" \/><\/div><a class=\"wp-block-latest-posts__post-title\" href=\"https:\/\/quintadoslagares.com\/fr\/2019\/06\/20\/um-branco-fresco-e-maduro\/\">UN VIN BLANC FRAIS ET M\u00dbR<\/a><div class=\"wp-block-latest-posts__post-excerpt\">&#8220;Quinta dos Lagares a tout ce qu&#8217;il faut pour produire de grands vins du Douro : de nouveaux vignobles d&#8217;altitude, de vieux vignobles situ\u00e9s \u00e0 une altitude plus basse et b\u00e9n\u00e9ficiant d&#8217;une excellente exposition, une grande diversit\u00e9 de c\u00e9pages et, tr\u00e8s important, un terroir qui a fait ses preuves.&#8221; Ce regard complet du journaliste sert \u00e0 pr\u00e9senter le vin pr\u00e9sent\u00e9 dans l&#8217;\u00e9dition du magazine Fugas, journal P\u00fablico, Quinta dos Lagares Reserva white 2017 : &#8220;Un assemblage de Rabigato et de\u2026 <a class=\"wp-block-latest-posts__read-more\" href=\"https:\/\/quintadoslagares.com\/fr\/2019\/06\/20\/um-branco-fresco-e-maduro\/\" rel=\"noopener noreferrer\">Read more<span class=\"screen-reader-text\">: UN VIN BLANC FRAIS ET M\u00dbR<\/span><\/a><\/div><\/li>\n<li><div class=\"wp-block-latest-posts__featured-image alignleft\"><img loading=\"lazy\" decoding=\"async\" width=\"150\" height=\"112\" src=\"https:\/\/quintadoslagares.com\/wp-content\/uploads\/2023\/04\/image-9.png\" class=\"attachment-thumbnail size-thumbnail wp-post-image\" alt=\"\" style=\"max-height:250px;\" \/><\/div><a class=\"wp-block-latest-posts__post-title\" href=\"https:\/\/quintadoslagares.com\/fr\/2019\/06\/18\/quinta-inaugura-enoturismo\/\">QUINTA OUVRE L&#8217;OENOTOURISME<\/a><div class=\"wp-block-latest-posts__post-excerpt\">Suspendue au-dessus du paysage, la nouvelle salle de d\u00e9gustation de la Quinta dos Lagares inaugure un nouveau service d&#8217;\u0153notourisme dans l&#8217;une des vall\u00e9es embl\u00e9matiques du Douro, la Vale de Mendiz. La Quinta dos Lagares est un projet familial avec une histoire et une situation privil\u00e9gi\u00e9e dans la vall\u00e9e de Mendiz, un h\u00e9ritage que Pedro Lencart et son \u00e9pouse Isabel Sarmento veulent pr\u00e9server en investissant dans la production de vins de qualit\u00e9. L&#8217;ouverture d&#8217;une salle de d\u00e9gustation et de services oenotouristiques\u2026 <a class=\"wp-block-latest-posts__read-more\" href=\"https:\/\/quintadoslagares.com\/fr\/2019\/06\/18\/quinta-inaugura-enoturismo\/\" rel=\"noopener noreferrer\">Read more<span class=\"screen-reader-text\">: QUINTA OUVRE L&#8217;OENOTOURISME<\/span><\/a><\/div><\/li>\n<li><div class=\"wp-block-latest-posts__featured-image alignleft\"><img loading=\"lazy\" decoding=\"async\" width=\"150\" height=\"100\" src=\"https:\/\/quintadoslagares.com\/wp-content\/uploads\/2023\/04\/image-7.png\" class=\"attachment-thumbnail size-thumbnail wp-post-image\" alt=\"\" style=\"max-height:250px;\" \/><\/div><a class=\"wp-block-latest-posts__post-title\" href=\"https:\/\/quintadoslagares.com\/fr\/2019\/03\/18\/floresta-sustentavel\/\">LA SYLVICULTURE DURABLE<\/a><div class=\"wp-block-latest-posts__post-excerpt\">La for\u00eat de Quinta dos Lagares a r\u00e9cemment re\u00e7u la certification de gestion foresti\u00e8re durable du Forest Stewardship Council (FSC), ce qui en fait la premi\u00e8re et la seule du Douro \u00e0 \u00eatre certifi\u00e9e par cette organisation exigeante. La Quinta dos Lagares s&#8217;\u00e9tend sur un amphith\u00e9\u00e2tre naturel qui atteint son point culminant sur le plateau de Favaios, \u00e0 560 m\u00e8tres, et descend \u00e0 260 m\u00e8tres, pr\u00e8s de la rivi\u00e8re Pinh\u00e3o. Ces conditions, associ\u00e9es \u00e0 une histoire d&#8217;utilisation moins intensive des\u2026 <a class=\"wp-block-latest-posts__read-more\" href=\"https:\/\/quintadoslagares.com\/fr\/2019\/03\/18\/floresta-sustentavel\/\" rel=\"noopener noreferrer\">Read more<span class=\"screen-reader-text\">: LA SYLVICULTURE DURABLE<\/span><\/a><\/div><\/li>\n<li><div class=\"wp-block-latest-posts__featured-image alignleft\"><img loading=\"lazy\" decoding=\"async\" width=\"150\" height=\"126\" src=\"https:\/\/quintadoslagares.com\/wp-content\/uploads\/2023\/04\/image-8.png\" class=\"attachment-thumbnail size-thumbnail wp-post-image\" alt=\"\" style=\"max-height:250px;\" \/><\/div><a class=\"wp-block-latest-posts__post-title\" href=\"https:\/\/quintadoslagares.com\/fr\/2019\/03\/15\/zabodez-novamente-premiado\/\">ZABODEZ R\u00c9COMPENS\u00c9 UNE NOUVELLE FOIS<\/a><div class=\"wp-block-latest-posts__post-excerpt\">L&#8217;huile d&#8217;olive produite par Quinta dos Lagares a de nouveau remport\u00e9 la m\u00e9daille d&#8217;or au prestigieux concours international d&#8217;huile d&#8217;olive de New York. Zabodez provient des oliveraies de Quinta dos Lagares, dont certaines sont centenaires et sont actuellement maintenues en culture biologique d\u00fbment certifi\u00e9e. Il s&#8217;agit d&#8217;oliveraies de la tradition du Douro, dans lesquelles les vari\u00e9t\u00e9s typiques de la r\u00e9gion sont m\u00e9lang\u00e9es et r\u00e9parties de mani\u00e8re al\u00e9atoire : Madural, Cobran\u00e7osa, Verdeal, Cordovil, Bical et Galega, \u00e0 l&#8217;exception de l&#8217;oliveraie la\u2026 <a class=\"wp-block-latest-posts__read-more\" href=\"https:\/\/quintadoslagares.com\/fr\/2019\/03\/15\/zabodez-novamente-premiado\/\" rel=\"noopener noreferrer\">Read more<span class=\"screen-reader-text\">: ZABODEZ R\u00c9COMPENS\u00c9 UNE NOUVELLE FOIS<\/span><\/a><\/div><\/li>\n<\/ul>\n\n\n\t<div class=\"dkpdf-button-container\" style=\" text-align:right \">\n\n\t\t<a class=\"dkpdf-button\" href=\"\/fr\/wp-json\/wp\/v2\/pages\/2?pdf=2\" target=\"_blank\"><span class=\"dkpdf-button-icon\"><i class=\"fa fa-file-pdf-o\"><\/i><\/span> PDF<\/a>\n\n\t<\/div>\n\n\n\n\n\n","protected":false},"excerpt":{"rendered":"<p>NOS VINS HISTOIRE ACTUALIT\u00c9S PDF<\/p>\n","protected":false},"author":1,"featured_media":10,"parent":0,"menu_order":0,"comment_status":"closed","ping_status":"open","template":"","meta":{"_acf_changed":false,"footnotes":""},"class_list":["post-2","page","type-page","status-publish","has-post-thumbnail","hentry"],"translation":{"provider":"WPGlobus","version":"2.10.6","language":"fr","enabled_languages":["pt","en","fr"],"languages":{"pt":{"title":true,"content":true,"excerpt":false},"en":{"title":true,"content":true,"excerpt":false},"fr":{"title":true,"content":true,"excerpt":false}}},"acf":[],"yoast_head":"<!-- This site is optimized with the Yoast SEO plugin v26.9 - https:\/\/yoast.com\/product\/yoast-seo-wordpress\/ -->\n<title>Home Page - Quinta dos Lagares<\/title>\n<meta name=\"robots\" content=\"index, follow, max-snippet:-1, max-image-preview:large, max-video-preview:-1\" \/>\n<link rel=\"canonical\" href=\"https:\/\/quintadoslagares.com\/\" \/>\n<meta property=\"og:locale\" content=\"fr_FR\" \/>\n<meta property=\"og:type\" content=\"article\" \/>\n<meta property=\"og:title\" content=\"Home Page - Quinta dos Lagares\" \/>\n<meta property=\"og:url\" content=\"https:\/\/quintadoslagares.com\/\" \/>\n<meta property=\"og:site_name\" content=\"Quinta dos Lagares\" \/>\n<meta property=\"article:modified_time\" content=\"2023-08-24T07:43:18+00:00\" \/>\n<meta property=\"og:image\" content=\"https:\/\/quintadoslagares.com\/wp-content\/uploads\/2023\/04\/a2-home-abertura-quinta.jpg\" \/>\n\t<meta property=\"og:image:width\" content=\"1440\" \/>\n\t<meta property=\"og:image:height\" content=\"960\" \/>\n\t<meta property=\"og:image:type\" content=\"image\/jpeg\" \/>\n<meta name=\"twitter:card\" content=\"summary_large_image\" \/>\n<meta name=\"twitter:label1\" content=\"Est. reading time\" \/>\n\t<meta name=\"twitter:data1\" content=\"1 minute\" \/>\n<script type=\"application\/ld+json\" class=\"yoast-schema-graph\">{\"@context\":\"https:\/\/schema.org\",\"@graph\":[{\"@type\":\"WebPage\",\"@id\":\"https:\/\/quintadoslagares.com\/\",\"url\":\"https:\/\/quintadoslagares.com\/\",\"name\":\"Home Page - Quinta dos Lagares\",\"isPartOf\":{\"@id\":\"https:\/\/quintadoslagares.com\/#website\"},\"primaryImageOfPage\":{\"@id\":\"https:\/\/quintadoslagares.com\/#primaryimage\"},\"image\":{\"@id\":\"https:\/\/quintadoslagares.com\/#primaryimage\"},\"thumbnailUrl\":\"https:\/\/quintadoslagares.com\/wp-content\/uploads\/2023\/04\/a2-home-abertura-quinta.jpg\",\"datePublished\":\"2023-04-13T05:40:47+00:00\",\"dateModified\":\"2023-08-24T07:43:18+00:00\",\"breadcrumb\":{\"@id\":\"https:\/\/quintadoslagares.com\/#breadcrumb\"},\"inLanguage\":\"fr-FR\",\"potentialAction\":[{\"@type\":\"ReadAction\",\"target\":[\"https:\/\/quintadoslagares.com\/\"]}]},{\"@type\":\"ImageObject\",\"inLanguage\":\"fr-FR\",\"@id\":\"https:\/\/quintadoslagares.com\/#primaryimage\",\"url\":\"https:\/\/quintadoslagares.com\/wp-content\/uploads\/2023\/04\/a2-home-abertura-quinta.jpg\",\"contentUrl\":\"https:\/\/quintadoslagares.com\/wp-content\/uploads\/2023\/04\/a2-home-abertura-quinta.jpg\",\"width\":1440,\"height\":960},{\"@type\":\"BreadcrumbList\",\"@id\":\"https:\/\/quintadoslagares.com\/#breadcrumb\",\"itemListElement\":[{\"@type\":\"ListItem\",\"position\":1,\"name\":\"In\u00edcio\",\"item\":\"https:\/\/quintadoslagares.com\/\"},{\"@type\":\"ListItem\",\"position\":2,\"name\":\"P\u00e1gina de in\u00edcio\"}]},{\"@type\":\"WebSite\",\"@id\":\"https:\/\/quintadoslagares.com\/#website\",\"url\":\"https:\/\/quintadoslagares.com\/\",\"name\":\"Quinta dos Lagares\",\"description\":\"\",\"publisher\":{\"@id\":\"https:\/\/quintadoslagares.com\/#organization\"},\"potentialAction\":[{\"@type\":\"SearchAction\",\"target\":{\"@type\":\"EntryPoint\",\"urlTemplate\":\"https:\/\/quintadoslagares.com\/?s={search_term_string}\"},\"query-input\":{\"@type\":\"PropertyValueSpecification\",\"valueRequired\":true,\"valueName\":\"search_term_string\"}}],\"inLanguage\":\"fr-FR\"},{\"@type\":\"Organization\",\"@id\":\"https:\/\/quintadoslagares.com\/#organization\",\"name\":\"Quinta dos Lagares\",\"url\":\"https:\/\/quintadoslagares.com\/\",\"logo\":{\"@type\":\"ImageObject\",\"inLanguage\":\"fr-FR\",\"@id\":\"https:\/\/quintadoslagares.com\/#\/schema\/logo\/image\/\",\"url\":\"https:\/\/quintadoslagares.com\/wp-content\/uploads\/2023\/04\/cropped-logo-lagares-verde-pretoo-1.png\",\"contentUrl\":\"https:\/\/quintadoslagares.com\/wp-content\/uploads\/2023\/04\/cropped-logo-lagares-verde-pretoo-1.png\",\"width\":551,\"height\":76,\"caption\":\"Quinta dos Lagares\"},\"image\":{\"@id\":\"https:\/\/quintadoslagares.com\/#\/schema\/logo\/image\/\"}}]}<\/script>\n<!-- \/ Yoast SEO plugin. -->","yoast_head_json":{"title":"Home Page - Quinta dos Lagares","robots":{"index":"index","follow":"follow","max-snippet":"max-snippet:-1","max-image-preview":"max-image-preview:large","max-video-preview":"max-video-preview:-1"},"canonical":"https:\/\/quintadoslagares.com\/","og_locale":"fr_FR","og_type":"article","og_title":"Home Page - Quinta dos Lagares","og_url":"https:\/\/quintadoslagares.com\/","og_site_name":"Quinta dos Lagares","article_modified_time":"2023-08-24T07:43:18+00:00","og_image":[{"width":1440,"height":960,"url":"https:\/\/quintadoslagares.com\/wp-content\/uploads\/2023\/04\/a2-home-abertura-quinta.jpg","type":"image\/jpeg"}],"twitter_card":"summary_large_image","twitter_misc":{"Est. reading time":"1 minute"},"schema":{"@context":"https:\/\/schema.org","@graph":[{"@type":"WebPage","@id":"https:\/\/quintadoslagares.com\/","url":"https:\/\/quintadoslagares.com\/","name":"Home Page - Quinta dos Lagares","isPartOf":{"@id":"https:\/\/quintadoslagares.com\/#website"},"primaryImageOfPage":{"@id":"https:\/\/quintadoslagares.com\/#primaryimage"},"image":{"@id":"https:\/\/quintadoslagares.com\/#primaryimage"},"thumbnailUrl":"https:\/\/quintadoslagares.com\/wp-content\/uploads\/2023\/04\/a2-home-abertura-quinta.jpg","datePublished":"2023-04-13T05:40:47+00:00","dateModified":"2023-08-24T07:43:18+00:00","breadcrumb":{"@id":"https:\/\/quintadoslagares.com\/#breadcrumb"},"inLanguage":"fr-FR","potentialAction":[{"@type":"ReadAction","target":["https:\/\/quintadoslagares.com\/"]}]},{"@type":"ImageObject","inLanguage":"fr-FR","@id":"https:\/\/quintadoslagares.com\/#primaryimage","url":"https:\/\/quintadoslagares.com\/wp-content\/uploads\/2023\/04\/a2-home-abertura-quinta.jpg","contentUrl":"https:\/\/quintadoslagares.com\/wp-content\/uploads\/2023\/04\/a2-home-abertura-quinta.jpg","width":1440,"height":960},{"@type":"BreadcrumbList","@id":"https:\/\/quintadoslagares.com\/#breadcrumb","itemListElement":[{"@type":"ListItem","position":1,"name":"In\u00edcio","item":"https:\/\/quintadoslagares.com\/"},{"@type":"ListItem","position":2,"name":"P\u00e1gina de in\u00edcio"}]},{"@type":"WebSite","@id":"https:\/\/quintadoslagares.com\/#website","url":"https:\/\/quintadoslagares.com\/","name":"Quinta dos Lagares","description":"","publisher":{"@id":"https:\/\/quintadoslagares.com\/#organization"},"potentialAction":[{"@type":"SearchAction","target":{"@type":"EntryPoint","urlTemplate":"https:\/\/quintadoslagares.com\/?s={search_term_string}"},"query-input":{"@type":"PropertyValueSpecification","valueRequired":true,"valueName":"search_term_string"}}],"inLanguage":"fr-FR"},{"@type":"Organization","@id":"https:\/\/quintadoslagares.com\/#organization","name":"Quinta dos Lagares","url":"https:\/\/quintadoslagares.com\/","logo":{"@type":"ImageObject","inLanguage":"fr-FR","@id":"https:\/\/quintadoslagares.com\/#\/schema\/logo\/image\/","url":"https:\/\/quintadoslagares.com\/wp-content\/uploads\/2023\/04\/cropped-logo-lagares-verde-pretoo-1.png","contentUrl":"https:\/\/quintadoslagares.com\/wp-content\/uploads\/2023\/04\/cropped-logo-lagares-verde-pretoo-1.png","width":551,"height":76,"caption":"Quinta dos Lagares"},"image":{"@id":"https:\/\/quintadoslagares.com\/#\/schema\/logo\/image\/"}}]}},"_links":{"self":[{"href":"https:\/\/quintadoslagares.com\/fr\/wp-json\/wp\/v2\/pages\/2","targetHints":{"allow":["GET"]}}],"collection":[{"href":"https:\/\/quintadoslagares.com\/fr\/wp-json\/wp\/v2\/pages"}],"about":[{"href":"https:\/\/quintadoslagares.com\/fr\/wp-json\/wp\/v2\/types\/page"}],"author":[{"embeddable":true,"href":"https:\/\/quintadoslagares.com\/fr\/wp-json\/wp\/v2\/users\/1"}],"replies":[{"embeddable":true,"href":"https:\/\/quintadoslagares.com\/fr\/wp-json\/wp\/v2\/comments?post=2"}],"version-history":[{"count":9,"href":"https:\/\/quintadoslagares.com\/fr\/wp-json\/wp\/v2\/pages\/2\/revisions"}],"predecessor-version":[{"id":274,"href":"https:\/\/quintadoslagares.com\/fr\/wp-json\/wp\/v2\/pages\/2\/revisions\/274"}],"wp:featuredmedia":[{"embeddable":true,"href":"https:\/\/quintadoslagares.com\/fr\/wp-json\/wp\/v2\/media\/10"}],"wp:attachment":[{"href":"https:\/\/quintadoslagares.com\/fr\/wp-json\/wp\/v2\/media?parent=2"}],"curies":[{"name":"wp","href":"https:\/\/api.w.org\/{rel}","templated":true}]}}